{"id":53,"date":"2019-04-18T11:16:34","date_gmt":"2019-04-18T14:16:34","guid":{"rendered":"https:\/\/envothemes.com\/envo-ecommerce\/?page_id=53"},"modified":"2023-02-01T16:17:41","modified_gmt":"2023-02-01T19:17:41","slug":"servicos","status":"publish","type":"page","link":"https:\/\/revendoparadigmas.com.br\/?page_id=53","title":{"rendered":"Servi\u00e7os"},"content":{"rendered":"\t\t<div data-elementor-type=\"wp-post\" data-elementor-id=\"53\" class=\"elementor elementor-53\">\n\t\t\t\t\t\t\t\t\t<section class=\"elementor-section elementor-top-section elementor-element elementor-element-224b9b6 elementor-section-full_width elementor-section-height-default elementor-section-height-default\" data-id=\"224b9b6\" data-element_type=\"section\" data-settings=\"{&quot;background_background&quot;:&quot;classic&quot;,&quot;shape_divider_bottom&quot;:&quot;tilt&quot;}\">\n\t\t\t\t\t\t\t<div class=\"elementor-background-overlay\"><\/div>\n\t\t\t\t\t\t<div class=\"elementor-shape elementor-shape-bottom\" data-negative=\"false\">\n\t\t\t<svg xmlns=\"http:\/\/www.w3.org\/2000\/svg\" viewBox=\"0 0 1000 100\" preserveAspectRatio=\"none\">\n\t<path class=\"elementor-shape-fill\" d=\"M0,6V0h1000v100L0,6z\"\/>\n<\/svg>\t\t<\/div>\n\t\t\t\t\t<div class=\"elementor-container elementor-column-gap-default\">\n\t\t\t\t\t<div class=\"elementor-column elementor-col-100 elementor-top-column elementor-element elementor-element-d0f980b\" data-id=\"d0f980b\" data-element_type=\"column\">\n\t\t\t<div class=\"elementor-widget-wrap\">\n\t\t\t\t\t\t\t\t\t<\/div>\n\t\t<\/div>\n\t\t\t\t\t\t\t<\/div>\n\t\t<\/section>\n\t\t\t\t<section class=\"elementor-section elementor-top-section elementor-element elementor-element-fc476b1 elementor-section-boxed elementor-section-height-default elementor-section-height-default\" data-id=\"fc476b1\" data-element_type=\"section\">\n\t\t\t\t\t\t<div class=\"elementor-container elementor-column-gap-default\">\n\t\t\t\t\t<div class=\"elementor-column elementor-col-100 elementor-top-column elementor-element elementor-element-56fad9f\" data-id=\"56fad9f\" data-element_type=\"column\">\n\t\t\t<div class=\"elementor-widget-wrap elementor-element-populated\">\n\t\t\t\t\t\t\t\t<div class=\"elementor-element elementor-element-9a4e3ed elementor-widget elementor-widget-text-editor\" data-id=\"9a4e3ed\" data-element_type=\"widget\" data-widget_type=\"text-editor.default\">\n\t\t\t\t<div class=\"elementor-widget-container\">\n\t\t\t<style>\/*! elementor - v3.17.0 - 08-11-2023 *\/\n.elementor-widget-text-editor.elementor-drop-cap-view-stacked .elementor-drop-cap{background-color:#69727d;color:#fff}.elementor-widget-text-editor.elementor-drop-cap-view-framed .elementor-drop-cap{color:#69727d;border:3px solid;background-color:transparent}.elementor-widget-text-editor:not(.elementor-drop-cap-view-default) .elementor-drop-cap{margin-top:8px}.elementor-widget-text-editor:not(.elementor-drop-cap-view-default) .elementor-drop-cap-letter{width:1em;height:1em}.elementor-widget-text-editor .elementor-drop-cap{float:left;text-align:center;line-height:1;font-size:50px}.elementor-widget-text-editor .elementor-drop-cap-letter{display:inline-block}<\/style>\t\t\t\t<h1><em>Est\u00e1 \u00e0 procura de algo diferente para implementar seus projetos?<\/em><\/h1><p>\u00a0<\/p><h3>\u00a0<\/h3>\t\t\t\t\t\t<\/div>\n\t\t\t\t<\/div>\n\t\t\t\t\t<\/div>\n\t\t<\/div>\n\t\t\t\t\t\t\t<\/div>\n\t\t<\/section>\n\t\t\t\t<section class=\"elementor-section elementor-top-section elementor-element elementor-element-77e5b82 elementor-section-boxed elementor-section-height-default elementor-section-height-default\" data-id=\"77e5b82\" data-element_type=\"section\">\n\t\t\t\t\t\t<div class=\"elementor-container elementor-column-gap-default\">\n\t\t\t\t\t<div class=\"elementor-column elementor-col-100 elementor-top-column elementor-element elementor-element-a897d78\" data-id=\"a897d78\" data-element_type=\"column\">\n\t\t\t<div class=\"elementor-widget-wrap elementor-element-populated\">\n\t\t\t\t\t\t\t\t<div class=\"elementor-element elementor-element-7478fec elementor-view-default elementor-widget elementor-widget-icon\" data-id=\"7478fec\" data-element_type=\"widget\" data-widget_type=\"icon.default\">\n\t\t\t\t<div class=\"elementor-widget-container\">\n\t\t\t\t\t<div class=\"elementor-icon-wrapper\">\n\t\t\t<div class=\"elementor-icon\">\n\t\t\t<i aria-hidden=\"true\" class=\"fas fa-sun\"><\/i>\t\t\t<\/div>\n\t\t<\/div>\n\t\t\t\t<\/div>\n\t\t\t\t<\/div>\n\t\t\t\t<div class=\"elementor-element elementor-element-43cc58a elementor-widget elementor-widget-text-editor\" data-id=\"43cc58a\" data-element_type=\"widget\" data-widget_type=\"text-editor.default\">\n\t\t\t\t<div class=\"elementor-widget-container\">\n\t\t\t\t\t\t\t<p>Espere aqui que j\u00e1 vou lhe dizer o caminho.<\/p><p><strong><em>Caminho do Sol,<\/em><\/strong> com uma chuva de oportunidades. N\u00e3o \u00e9 uma garoa de op\u00e7\u00f5es que se evapora e se dissipa. \u00c9 uma chuva delas para voc\u00ea mesma gerenciar seus projetos.<\/p><p>Estou falando de um local diferenciado, junto \u00e0 natureza para voc\u00ea ministrar seus minicursos com temas variados de forma simples e interativa.<\/p><p>&#8211; Medita\u00e7\u00e3o<\/p><p>&#8211; Cromoterapia<\/p><p>&#8211; Aromaterapia<\/p><p>&#8211; Fitoterapia e sa\u00fade<\/p><p>&#8211; Ervas medicinais<\/p><p>&#8211; Outros<\/p><p>E ainda, voc\u00ea pode fazer um piquenique ou contemplar o mais belo p\u00f4r-do-sol do Distrito Federal.<\/p>\t\t\t\t\t\t<\/div>\n\t\t\t\t<\/div>\n\t\t\t\t\t<\/div>\n\t\t<\/div>\n\t\t\t\t\t\t\t<\/div>\n\t\t<\/section>\n\t\t\t\t\t\t\t<\/div>\n\t\t","protected":false},"excerpt":{"rendered":"<p>Est\u00e1 \u00e0 procura de algo diferente para implementar seus projetos? &nbsp; Espere aqui que j\u00e1 vou lhe dizer o caminho. Caminho do Sol, com uma chuva&hellip;<\/p>\n","protected":false},"author":1,"featured_media":0,"parent":0,"menu_order":0,"comment_status":"closed","ping_status":"closed","template":"template-parts\/template-page-builders.php","meta":{"_eb_attr":"","footnotes":""},"class_list":["post-53","page","type-page","status-publish","hentry"],"yoast_head":"<!-- This site is optimized with the Yoast SEO plugin v20.0 - https:\/\/yoast.com\/wordpress\/plugins\/seo\/ -->\n<title>Servi\u00e7os - Caminho do Sol<\/title>\n<meta name=\"robots\" content=\"index, follow, max-snippet:-1, max-image-preview:large, max-video-preview:-1\" \/>\n<link rel=\"canonical\" href=\"https:\/\/revendoparadigmas.com.br\/?page_id=53\" \/>\n<meta property=\"og:locale\" content=\"en_US\" \/>\n<meta property=\"og:type\" content=\"article\" \/>\n<meta property=\"og:title\" content=\"Servi\u00e7os - Caminho do Sol\" \/>\n<meta property=\"og:description\" content=\"Est\u00e1 \u00e0 procura de algo diferente para implementar seus projetos? &nbsp; Espere aqui que j\u00e1 vou lhe dizer o caminho. Caminho do Sol, com uma chuva&hellip;\" \/>\n<meta property=\"og:url\" content=\"https:\/\/revendoparadigmas.com.br\/?page_id=53\" \/>\n<meta property=\"og:site_name\" content=\"Caminho do Sol\" \/>\n<meta property=\"article:modified_time\" content=\"2023-02-01T19:17:41+00:00\" \/>\n<meta name=\"twitter:card\" content=\"summary_large_image\" \/>\n<meta name=\"twitter:label1\" content=\"Est. reading time\" \/>\n\t<meta name=\"twitter:data1\" content=\"1 minute\" \/>\n<script type=\"application\/ld+json\" class=\"yoast-schema-graph\">{\"@context\":\"https:\/\/schema.org\",\"@graph\":[{\"@type\":\"WebPage\",\"@id\":\"https:\/\/revendoparadigmas.com.br\/?page_id=53\",\"url\":\"https:\/\/revendoparadigmas.com.br\/?page_id=53\",\"name\":\"Servi\u00e7os - Caminho do Sol\",\"isPartOf\":{\"@id\":\"http:\/\/revendoparadigmas.com.br\/#website\"},\"datePublished\":\"2019-04-18T14:16:34+00:00\",\"dateModified\":\"2023-02-01T19:17:41+00:00\",\"breadcrumb\":{\"@id\":\"https:\/\/revendoparadigmas.com.br\/?page_id=53#breadcrumb\"},\"inLanguage\":\"en-US\",\"potentialAction\":[{\"@type\":\"ReadAction\",\"target\":[\"https:\/\/revendoparadigmas.com.br\/?page_id=53\"]}]},{\"@type\":\"BreadcrumbList\",\"@id\":\"https:\/\/revendoparadigmas.com.br\/?page_id=53#breadcrumb\",\"itemListElement\":[{\"@type\":\"ListItem\",\"position\":1,\"name\":\"In\u00edcio\",\"item\":\"http:\/\/revendoparadigmas.com.br\/\"},{\"@type\":\"ListItem\",\"position\":2,\"name\":\"Servi\u00e7os\"}]},{\"@type\":\"WebSite\",\"@id\":\"http:\/\/revendoparadigmas.com.br\/#website\",\"url\":\"http:\/\/revendoparadigmas.com.br\/\",\"name\":\"Caminho do Sol\",\"description\":\"S\u00f3 mais um site WordPress\",\"potentialAction\":[{\"@type\":\"SearchAction\",\"target\":{\"@type\":\"EntryPoint\",\"urlTemplate\":\"http:\/\/revendoparadigmas.com.br\/?s={search_term_string}\"},\"query-input\":\"required name=search_term_string\"}],\"inLanguage\":\"en-US\"}]}<\/script>\n<!-- \/ Yoast SEO plugin. -->","yoast_head_json":{"title":"Servi\u00e7os - Caminho do Sol","robots":{"index":"index","follow":"follow","max-snippet":"max-snippet:-1","max-image-preview":"max-image-preview:large","max-video-preview":"max-video-preview:-1"},"canonical":"https:\/\/revendoparadigmas.com.br\/?page_id=53","og_locale":"en_US","og_type":"article","og_title":"Servi\u00e7os - Caminho do Sol","og_description":"Est\u00e1 \u00e0 procura de algo diferente para implementar seus projetos? &nbsp; Espere aqui que j\u00e1 vou lhe dizer o caminho. Caminho do Sol, com uma chuva&hellip;","og_url":"https:\/\/revendoparadigmas.com.br\/?page_id=53","og_site_name":"Caminho do Sol","article_modified_time":"2023-02-01T19:17:41+00:00","twitter_card":"summary_large_image","twitter_misc":{"Est. reading time":"1 minute"},"schema":{"@context":"https:\/\/schema.org","@graph":[{"@type":"WebPage","@id":"https:\/\/revendoparadigmas.com.br\/?page_id=53","url":"https:\/\/revendoparadigmas.com.br\/?page_id=53","name":"Servi\u00e7os - Caminho do Sol","isPartOf":{"@id":"http:\/\/revendoparadigmas.com.br\/#website"},"datePublished":"2019-04-18T14:16:34+00:00","dateModified":"2023-02-01T19:17:41+00:00","breadcrumb":{"@id":"https:\/\/revendoparadigmas.com.br\/?page_id=53#breadcrumb"},"inLanguage":"en-US","potentialAction":[{"@type":"ReadAction","target":["https:\/\/revendoparadigmas.com.br\/?page_id=53"]}]},{"@type":"BreadcrumbList","@id":"https:\/\/revendoparadigmas.com.br\/?page_id=53#breadcrumb","itemListElement":[{"@type":"ListItem","position":1,"name":"In\u00edcio","item":"http:\/\/revendoparadigmas.com.br\/"},{"@type":"ListItem","position":2,"name":"Servi\u00e7os"}]},{"@type":"WebSite","@id":"http:\/\/revendoparadigmas.com.br\/#website","url":"http:\/\/revendoparadigmas.com.br\/","name":"Caminho do Sol","description":"S\u00f3 mais um site WordPress","potentialAction":[{"@type":"SearchAction","target":{"@type":"EntryPoint","urlTemplate":"http:\/\/revendoparadigmas.com.br\/?s={search_term_string}"},"query-input":"required name=search_term_string"}],"inLanguage":"en-US"}]}},"_links":{"self":[{"href":"https:\/\/revendoparadigmas.com.br\/index.php?rest_route=\/wp\/v2\/pages\/53","targetHints":{"allow":["GET"]}}],"collection":[{"href":"https:\/\/revendoparadigmas.com.br\/index.php?rest_route=\/wp\/v2\/pages"}],"about":[{"href":"https:\/\/revendoparadigmas.com.br\/index.php?rest_route=\/wp\/v2\/types\/page"}],"author":[{"embeddable":true,"href":"https:\/\/revendoparadigmas.com.br\/index.php?rest_route=\/wp\/v2\/users\/1"}],"replies":[{"embeddable":true,"href":"https:\/\/revendoparadigmas.com.br\/index.php?rest_route=%2Fwp%2Fv2%2Fcomments&post=53"}],"version-history":[{"count":20,"href":"https:\/\/revendoparadigmas.com.br\/index.php?rest_route=\/wp\/v2\/pages\/53\/revisions"}],"predecessor-version":[{"id":822,"href":"https:\/\/revendoparadigmas.com.br\/index.php?rest_route=\/wp\/v2\/pages\/53\/revisions\/822"}],"wp:attachment":[{"href":"https:\/\/revendoparadigmas.com.br\/index.php?rest_route=%2Fwp%2Fv2%2Fmedia&parent=53"}],"curies":[{"name":"wp","href":"https:\/\/api.w.org\/{rel}","templated":true}]}}